{"id":12644,"date":"2026-03-27T15:39:00","date_gmt":"2026-03-27T15:39:00","guid":{"rendered":"https:\/\/urcemekanik.com\/?page_id=12644"},"modified":"2026-03-30T07:40:37","modified_gmt":"2026-03-30T07:40:37","slug":"sifonik-yagmur-suyu-drenaj-sistemleri","status":"publish","type":"page","link":"https:\/\/urcemekanik.com\/index.php\/sifonik-yagmur-suyu-drenaj-sistemleri\/","title":{"rendered":"Sifonik Ya\u011fmur Suyu Drenaj Sistemleri"},"content":{"rendered":"\n<p class=\"has-text-color has-link-color wp-elements-98441b7bffa38de924e28353a9aa5486\" style=\"color:#1d4273\">Urce Mekanik M\u00fchendislik olarak sifonik ya\u011fmur suyu drenaj sistemlerini; y\u00fcksek m\u00fchendislik gerektiren, ileri teknolojiye dayal\u0131 ve proje optimizasyonu sa\u011flayan <strong>\u00fcst segment \u00e7\u00f6z\u00fcmler<\/strong> olarak ele al\u0131yoruz.<\/p>\n\n\n\n<p class=\"has-text-color has-link-color wp-elements-4bfc54ce76294c6642908a9371c0c61a\" style=\"color:#1d4273\">Vakum prensibi ile \u00e7al\u0131\u015fan sifonik sistemler sayesinde, minimum e\u011fim ve daha k\u00fc\u00e7\u00fck boru \u00e7aplar\u0131 ile maksimum debide su tahliyesi sa\u011flan\u0131rken; mimari tasar\u0131ma uyum, uygulama kolayl\u0131\u011f\u0131 ve maliyet avantaj\u0131 birlikte sunulmaktad\u0131r.<\/p>\n\n\n\n<p class=\"has-text-color has-link-color wp-elements-a23c74dd1ac6fae988c2cb849a06fdc4\" style=\"color:#1d4273\">Sistem tasar\u0131m\u0131, hidrolik hesaplamalar ve hat optimizasyonlar\u0131; alan\u0131nda uzman m\u00fchendislik yakla\u015f\u0131m\u0131m\u0131z ile titizlikle ger\u00e7ekle\u015ftirilir. Ke\u015fiften projelendirmeye, uygulamadan devreye almaya kadar t\u00fcm s\u00fcre\u00e7ler <strong>entegre ve kontroll\u00fc bir yap\u0131 i\u00e7erisinde y\u00f6netilir<\/strong>.<\/p>\n\n\n\n<p class=\"has-text-color has-link-color wp-elements-4efc4f9c59cfd9307ee290d5c6d7ca19\" style=\"color:#1d4273\">\u201c<strong>G\u00fcven veren m\u00fchendislik<\/strong>\u201d anlay\u0131\u015f\u0131m\u0131z do\u011frultusunda; her projede y\u00fcksek kalite standartlar\u0131n\u0131 esas al\u0131yor, uzun \u00f6m\u00fcrl\u00fc ve sorunsuz \u00e7al\u0131\u015fan sistemler kuruyoruz. M\u00fc\u015fterilerimizle yaln\u0131zca uygulama bazl\u0131 de\u011fil, s\u00fcrd\u00fcr\u00fclebilir ve katma de\u011fer sa\u011flayan bir <strong>\u00e7\u00f6z\u00fcm ortakl\u0131\u011f\u0131<\/strong> geli\u015ftiriyoruz.<\/p>\n\n\n\n<p class=\"has-text-color has-link-color wp-elements-76769a512ded3decf23e2d2be3543b38\" style=\"color:#1d4273\">Urce Mekanik olarak hedefimiz; sifonik drenaj sistemleri alan\u0131nda teknik derinli\u011fi, uygulama hassasiyeti ve m\u00fchendislik g\u00fcc\u00fc ile fark yaratan, <strong>\u00fcst segment projelerde tercih edilen g\u00fcvenilir bir \u00e7\u00f6z\u00fcm orta\u011f\u0131<\/strong> olmakt\u0131r.<\/p>\n\n\n\n<div class=\"wp-block-buttons is-content-justification-center is-layout-flex wp-container-core-buttons-is-layout-a89b3969 wp-block-buttons-is-layout-flex\">\n<div class=\"wp-block-button\"><a class=\"wp-block-button__link has-palette-color-1-background-color has-background wp-element-button\" href=\"https:\/\/urcemekanik.com\/index.php\/teklif-formu-olustur\/\">Teklif \u0130ste<\/a><\/div>\n<\/div>\n","protected":false},"excerpt":{"rendered":"<p>Urce Mekanik M\u00fchendislik olarak sifonik ya\u011fmur suyu drenaj sistemlerini; y\u00fcksek m\u00fchendislik gerektiren, ileri teknolojiye dayal\u0131 ve proje optimizasyonu sa\u011flayan \u00fcst segment \u00e7\u00f6z\u00fcmler olarak ele al\u0131yoruz. Vakum prensibi ile \u00e7al\u0131\u015fan sifonik sistemler sayesinde, minimum e\u011fim ve daha k\u00fc\u00e7\u00fck boru \u00e7aplar\u0131 ile maksimum debide su tahliyesi sa\u011flan\u0131rken; mimari tasar\u0131ma uyum, uygulama kolayl\u0131\u011f\u0131 ve maliyet avantaj\u0131 birlikte sunulmaktad\u0131r. [&hellip;]<\/p>\n","protected":false},"author":1,"featured_media":0,"parent":0,"menu_order":0,"comment_status":"closed","ping_status":"closed","template":"","meta":{"footnotes":""},"class_list":["post-12644","page","type-page","status-publish","hentry"],"blocksy_meta":[],"_links":{"self":[{"href":"https:\/\/urcemekanik.com\/index.php\/wp-json\/wp\/v2\/pages\/12644","targetHints":{"allow":["GET"]}}],"collection":[{"href":"https:\/\/urcemekanik.com\/index.php\/wp-json\/wp\/v2\/pages"}],"about":[{"href":"https:\/\/urcemekanik.com\/index.php\/wp-json\/wp\/v2\/types\/page"}],"author":[{"embeddable":true,"href":"https:\/\/urcemekanik.com\/index.php\/wp-json\/wp\/v2\/users\/1"}],"replies":[{"embeddable":true,"href":"https:\/\/urcemekanik.com\/index.php\/wp-json\/wp\/v2\/comments?post=12644"}],"version-history":[{"count":3,"href":"https:\/\/urcemekanik.com\/index.php\/wp-json\/wp\/v2\/pages\/12644\/revisions"}],"predecessor-version":[{"id":12695,"href":"https:\/\/urcemekanik.com\/index.php\/wp-json\/wp\/v2\/pages\/12644\/revisions\/12695"}],"wp:attachment":[{"href":"https:\/\/urcemekanik.com\/index.php\/wp-json\/wp\/v2\/media?parent=12644"}],"curies":[{"name":"wp","href":"https:\/\/api.w.org\/{rel}","templated":true}]}}