{"id":12577,"date":"2026-03-24T17:12:56","date_gmt":"2026-03-24T17:12:56","guid":{"rendered":"https:\/\/urcemekanik.com\/?page_id=12577"},"modified":"2026-04-03T11:48:59","modified_gmt":"2026-04-03T11:48:59","slug":"tamamlanan-projeler","status":"publish","type":"page","link":"https:\/\/urcemekanik.com\/index.php\/tamamlanan-projeler\/","title":{"rendered":"Tamamlanan Projeler"},"content":{"rendered":"\n<div class=\"wp-block-group is-layout-grid wp-container-core-group-is-layout-478b6e6b wp-block-group-is-layout-grid\">\n<div class=\"wp-block-cover\"><img loading=\"lazy\" decoding=\"async\" width=\"1024\" height=\"695\" class=\"wp-block-cover__image-background wp-image-12501 size-large\" alt=\"\" src=\"https:\/\/urcemekanik.com\/wp-content\/uploads\/2026\/03\/3-1024x695.png\" data-object-fit=\"cover\" srcset=\"https:\/\/urcemekanik.com\/wp-content\/uploads\/2026\/03\/3-1024x695.png 1024w, https:\/\/urcemekanik.com\/wp-content\/uploads\/2026\/03\/3-300x204.png 300w, https:\/\/urcemekanik.com\/wp-content\/uploads\/2026\/03\/3-768x522.png 768w, https:\/\/urcemekanik.com\/wp-content\/uploads\/2026\/03\/3-1536x1043.png 1536w, https:\/\/urcemekanik.com\/wp-content\/uploads\/2026\/03\/3.png 2047w\" sizes=\"auto, (max-width: 1024px) 100vw, 1024px\" \/><span aria-hidden=\"true\" class=\"wp-block-cover__background has-black-background-color has-background-dim\"><\/span><div class=\"wp-block-cover__inner-container is-layout-flow wp-block-cover-is-layout-flow\">\n<p class=\"has-text-align-center has-large-font-size\"><\/p>\n<\/div><\/div>\n\n\n\n<div class=\"wp-block-cover\"><img loading=\"lazy\" decoding=\"async\" width=\"1024\" height=\"695\" class=\"wp-block-cover__image-background wp-image-12501\" alt=\"\" src=\"https:\/\/urcemekanik.com\/wp-content\/uploads\/2026\/03\/3-1024x695.png\" data-object-fit=\"cover\" srcset=\"https:\/\/urcemekanik.com\/wp-content\/uploads\/2026\/03\/3-1024x695.png 1024w, https:\/\/urcemekanik.com\/wp-content\/uploads\/2026\/03\/3-300x204.png 300w, https:\/\/urcemekanik.com\/wp-content\/uploads\/2026\/03\/3-768x522.png 768w, https:\/\/urcemekanik.com\/wp-content\/uploads\/2026\/03\/3-1536x1043.png 1536w, https:\/\/urcemekanik.com\/wp-content\/uploads\/2026\/03\/3.png 2047w\" sizes=\"auto, (max-width: 1024px) 100vw, 1024px\" \/><span aria-hidden=\"true\" class=\"wp-block-cover__background has-background-dim\"><\/span><div class=\"wp-block-cover__inner-container is-layout-flow wp-block-cover-is-layout-flow\">\n<p class=\"has-text-align-center has-large-font-size\"><\/p>\n<\/div><\/div>\n<\/div>\n\n\n\n<p class=\"has-text-color has-link-color wp-elements-96f8cc4d448b614a12310e9eb2a64ba7\" style=\"color:#1d4273\"><strong>AO Mekanik M\u00fchendislik<\/strong> \u00e7\u00f6z\u00fcm ortakl\u0131\u011f\u0131 ile <strong>Proses So\u011futma Suyu Sistemi Tesisat\u0131 \u0130\u015fi<\/strong> ba\u015far\u0131yla tamamlanm\u0131\u015ft\u0131r.<\/p>\n\n\n\n<p class=\"has-text-color has-link-color wp-elements-be1c2b9331184c8dbb1c195dfa6a9f0d\" style=\"color:#1d4273\"><strong>Baktat (Turgutlu\/Manisa):<\/strong> <strong>Matesis M\u00fchendislik<\/strong> ile ger\u00e7ekle\u015ftirilen \u00e7\u00f6z\u00fcm ortakl\u0131\u011f\u0131 kapsam\u0131nda, tesisin <strong>S\u0131hhi Tesisat ve Yang\u0131n Tesisat\u0131<\/strong> sistemleri hayata ge\u00e7irilmi\u015ftir.<\/p>\n\n\n\n<p class=\"has-text-color has-link-color wp-elements-cd020c8445002a18eb6b039a0cff85d1\" style=\"color:#1d4273\"><strong>SGT Tekstil (\u0130TOB\/\u0130zmir):<\/strong> <strong>Matesis M\u00fchendislik<\/strong> \u00e7\u00f6z\u00fcm ortakl\u0131\u011f\u0131yla, i\u015fletmenin <strong>S\u0131hhi Tesisat, Altyap\u0131 ve Yang\u0131n Tesisat\u0131<\/strong> projeleri anahtar teslim olarak y\u00fcr\u00fct\u00fclm\u00fc\u015ft\u00fcr.<\/p>\n\n\n\n<p class=\"has-text-color has-link-color wp-elements-54112394b1a6739aa25b71cfbbf803d6\" style=\"color:#1d4273\"><strong>Anadolu D\u00f6k\u00fcm (ALOSB\u0130\/\u0130zmir):<\/strong> Fabrikan\u0131n <strong>S\u0131hhi Tesisat, Altyap\u0131 ve Yang\u0131n Tesisat\u0131<\/strong> i\u015fleri, <strong>Matesis M\u00fchendislik<\/strong> i\u015f birli\u011fi ile standartlara uygun \u015fekilde tamamlanm\u0131\u015ft\u0131r.<\/p>\n\n\n\n<p class=\"has-text-color has-link-color wp-elements-37df7dd366d65e2d5fe24fb306e83cba\" style=\"color:#1d4273\"><strong>Ford Arkas (Kar\u015f\u0131yaka\/\u0130zmir):<\/strong> <strong>Matesis M\u00fchendislik<\/strong> \u00e7\u00f6z\u00fcm ortakl\u0131\u011f\u0131 \u00e7er\u00e7evesinde, plazan\u0131n <strong>S\u0131hhi Tesisat, Proses Tesisat\u0131 ve Yang\u0131n Tesisat\u0131<\/strong> kurulumlar\u0131 ger\u00e7ekle\u015ftirilmi\u015ftir.<\/p>\n\n\n\n<p class=\"has-text-color has-link-color wp-elements-95482432306bf674e674d6ac61edfa0c\" style=\"color:#1d4273\"><strong>\u00d6z Civata (Kemalpa\u015fa\/\u0130zmir):<\/strong> \u00dcretim tesisinin <strong>S\u0131hhi Tesisat, Proses Tesisat\u0131 ve Yang\u0131n Tesisat\u0131<\/strong> projeleri, <strong>Matesis M\u00fchendislik<\/strong> ile ortakla\u015fa ba\u015far\u0131yla sonu\u00e7land\u0131r\u0131lm\u0131\u015ft\u0131r.<\/p>\n\n\n\n<p class=\"has-text-color has-link-color wp-elements-5d981250d29ea8dcded298025b10b71d\" style=\"color:#1d4273\"><strong>Sporthink (BEGOS\/\u0130zmir):<\/strong> <strong>Matesis M\u00fchendislik<\/strong> \u00e7\u00f6z\u00fcm ortakl\u0131\u011f\u0131 ile projenin t\u00fcm <strong>Klima Drenaj Tesisat\u0131<\/strong> altyap\u0131s\u0131 kurulmu\u015ftur.<\/p>\n\n\n\n<p class=\"has-text-color has-link-color wp-elements-022d4a825a0b4286c7a24f3ec3e89a13\" style=\"color:#1d4273\"><strong>AFB Villa (Ala\u00e7at\u0131\/\u0130zmir):<\/strong> Ala\u00e7at\u0131 lokasyonundaki konut projesinin <strong>S\u0131hhi Tesisat ve Altyap\u0131 Tesisat\u0131<\/strong> \u00e7al\u0131\u015fmalar\u0131, <strong>Matesis M\u00fchendislik<\/strong> i\u015f birli\u011fi ile tamamlanm\u0131\u015ft\u0131r.<\/p>\n\n\n\n<p><\/p>\n","protected":false},"excerpt":{"rendered":"<p>AO Mekanik M\u00fchendislik \u00e7\u00f6z\u00fcm ortakl\u0131\u011f\u0131 ile Proses So\u011futma Suyu Sistemi Tesisat\u0131 \u0130\u015fi ba\u015far\u0131yla tamamlanm\u0131\u015ft\u0131r. Baktat (Turgutlu\/Manisa): Matesis M\u00fchendislik ile ger\u00e7ekle\u015ftirilen \u00e7\u00f6z\u00fcm ortakl\u0131\u011f\u0131 kapsam\u0131nda, tesisin S\u0131hhi Tesisat ve Yang\u0131n Tesisat\u0131 sistemleri hayata ge\u00e7irilmi\u015ftir. SGT Tekstil (\u0130TOB\/\u0130zmir): Matesis M\u00fchendislik \u00e7\u00f6z\u00fcm ortakl\u0131\u011f\u0131yla, i\u015fletmenin S\u0131hhi Tesisat, Altyap\u0131 ve Yang\u0131n Tesisat\u0131 projeleri anahtar teslim olarak y\u00fcr\u00fct\u00fclm\u00fc\u015ft\u00fcr. Anadolu D\u00f6k\u00fcm (ALOSB\u0130\/\u0130zmir): Fabrikan\u0131n [&hellip;]<\/p>\n","protected":false},"author":1,"featured_media":0,"parent":0,"menu_order":0,"comment_status":"closed","ping_status":"closed","template":"","meta":{"footnotes":""},"class_list":["post-12577","page","type-page","status-publish","hentry"],"blocksy_meta":[],"_links":{"self":[{"href":"https:\/\/urcemekanik.com\/index.php\/wp-json\/wp\/v2\/pages\/12577","targetHints":{"allow":["GET"]}}],"collection":[{"href":"https:\/\/urcemekanik.com\/index.php\/wp-json\/wp\/v2\/pages"}],"about":[{"href":"https:\/\/urcemekanik.com\/index.php\/wp-json\/wp\/v2\/types\/page"}],"author":[{"embeddable":true,"href":"https:\/\/urcemekanik.com\/index.php\/wp-json\/wp\/v2\/users\/1"}],"replies":[{"embeddable":true,"href":"https:\/\/urcemekanik.com\/index.php\/wp-json\/wp\/v2\/comments?post=12577"}],"version-history":[{"count":7,"href":"https:\/\/urcemekanik.com\/index.php\/wp-json\/wp\/v2\/pages\/12577\/revisions"}],"predecessor-version":[{"id":12707,"href":"https:\/\/urcemekanik.com\/index.php\/wp-json\/wp\/v2\/pages\/12577\/revisions\/12707"}],"wp:attachment":[{"href":"https:\/\/urcemekanik.com\/index.php\/wp-json\/wp\/v2\/media?parent=12577"}],"curies":[{"name":"wp","href":"https:\/\/api.w.org\/{rel}","templated":true}]}}