{"id":12521,"date":"2026-03-23T18:48:48","date_gmt":"2026-03-23T18:48:48","guid":{"rendered":"https:\/\/urcemekanik.com\/?page_id=12521"},"modified":"2026-03-27T14:59:15","modified_gmt":"2026-03-27T14:59:15","slug":"hakkimizda","status":"publish","type":"page","link":"https:\/\/urcemekanik.com\/index.php\/hakkimizda\/","title":{"rendered":"Hakk\u0131m\u0131zda"},"content":{"rendered":"\n<h2 class=\"wp-block-heading has-text-color has-link-color has-large-font-size wp-elements-abf663010d2eee4f0137f1961d6f8eea\" style=\"color:#0c1d40\">Misyonumuz<\/h2>\n\n\n\n<p class=\"has-text-color has-link-color wp-elements-d3d656968a00a0c065b3499544cd5ff6\" style=\"color:#1d4273\">Urce Mekanik M\u00fchendislik olarak misyonumuz; mekanik tesisat alan\u0131nda uluslararas\u0131 standartlara uygun, y\u00fcksek kaliteli ve s\u00fcrd\u00fcr\u00fclebilir m\u00fchendislik \u00e7\u00f6z\u00fcmleri sunmakt\u0131r.<\/p>\n\n\n\n<p>Projelerimizin her a\u015famas\u0131nda; ke\u015fif, projelendirme ve uygulama s\u00fcre\u00e7lerini entegre bir yakla\u015f\u0131mla y\u00f6neterek, teknik m\u00fckemmeliyeti sahadaki kusursuz uygulama ile birle\u015ftiririz.<\/p>\n\n\n\n<p>M\u00fc\u015fteri beklentilerini en \u00fcst seviyede kar\u015f\u0131layan, uzun \u00f6m\u00fcrl\u00fc ve y\u00fcksek verimlilik sa\u011flayan sistemler kurarak, sekt\u00f6rde <strong>g\u00fcvenin ve kalitenin temsilcisi<\/strong> olmay\u0131 hedefleriz.<\/p>\n\n\n\n<p class=\"has-text-color has-link-color wp-elements-f8ecb8c4a4f944f751528b8c3e5c7e14\" style=\"color:#1d4273\">\u201cG\u00fcven veren m\u00fchendislik\u201d anlay\u0131\u015f\u0131m\u0131z do\u011frultusunda, her projede \u015feffafl\u0131k, kalite ve i\u015f disiplini temel de\u011ferlerimizi olu\u015fturur.<\/p>\n\n\n\n<h2 class=\"wp-block-heading has-text-color has-link-color has-large-font-size wp-elements-2c7976f7eca3f40e210486ecff4dd336\" style=\"color:#0c1d40\">Vizyonumuz<\/h2>\n\n\n\n<p class=\"has-text-color has-link-color wp-elements-cb88a7b527b11a712f5da63bdd22a789\" style=\"color:#1d4273\">Urce Mekanik M\u00fchendislik\u2019in vizyonu; mekanik tesisat sekt\u00f6r\u00fcnde, teknik yetkinli\u011fi, g\u00fcvenilirli\u011fi ve g\u00fc\u00e7l\u00fc referanslar\u0131 ile ulusal ve uluslararas\u0131 \u00f6l\u00e7ekte tercih edilen lider firmalar aras\u0131nda yer almakt\u0131r.<\/p>\n\n\n\n<p>S\u00fcrekli geli\u015fim ve inovasyonu i\u015f yap\u0131\u015f bi\u00e7imimizin merkezine alarak, ileri m\u00fchendislik \u00e7\u00f6z\u00fcmleriyle sekt\u00f6re y\u00f6n veren projelere imza atmay\u0131 hedefleriz.<\/p>\n\n\n\n<p class=\"has-text-color has-link-color wp-elements-88010b62c13c49012bf24b28a5c34bc5\" style=\"color:#1d4273\">Uzun vadede amac\u0131m\u0131z; ger\u00e7ekle\u015ftirdi\u011fimiz projeler, i\u015f ortakl\u0131klar\u0131m\u0131z ve kurumsal yap\u0131m\u0131z ile <strong>kalite ve g\u00fcvenin simgesi haline gelen s\u00fcrd\u00fcr\u00fclebilir bir marka<\/strong> olu\u015fturmakt\u0131r.<\/p>\n\n\n\n<p><\/p>\n","protected":false},"excerpt":{"rendered":"<p>Misyonumuz Urce Mekanik M\u00fchendislik olarak misyonumuz; mekanik tesisat alan\u0131nda uluslararas\u0131 standartlara uygun, y\u00fcksek kaliteli ve s\u00fcrd\u00fcr\u00fclebilir m\u00fchendislik \u00e7\u00f6z\u00fcmleri sunmakt\u0131r. Projelerimizin her a\u015famas\u0131nda; ke\u015fif, projelendirme ve uygulama s\u00fcre\u00e7lerini entegre bir yakla\u015f\u0131mla y\u00f6neterek, teknik m\u00fckemmeliyeti sahadaki kusursuz uygulama ile birle\u015ftiririz. M\u00fc\u015fteri beklentilerini en \u00fcst seviyede kar\u015f\u0131layan, uzun \u00f6m\u00fcrl\u00fc ve y\u00fcksek verimlilik sa\u011flayan sistemler kurarak, sekt\u00f6rde g\u00fcvenin ve [&hellip;]<\/p>\n","protected":false},"author":1,"featured_media":0,"parent":0,"menu_order":0,"comment_status":"closed","ping_status":"closed","template":"","meta":{"footnotes":""},"class_list":["post-12521","page","type-page","status-publish","hentry"],"blocksy_meta":[],"_links":{"self":[{"href":"https:\/\/urcemekanik.com\/index.php\/wp-json\/wp\/v2\/pages\/12521","targetHints":{"allow":["GET"]}}],"collection":[{"href":"https:\/\/urcemekanik.com\/index.php\/wp-json\/wp\/v2\/pages"}],"about":[{"href":"https:\/\/urcemekanik.com\/index.php\/wp-json\/wp\/v2\/types\/page"}],"author":[{"embeddable":true,"href":"https:\/\/urcemekanik.com\/index.php\/wp-json\/wp\/v2\/users\/1"}],"replies":[{"embeddable":true,"href":"https:\/\/urcemekanik.com\/index.php\/wp-json\/wp\/v2\/comments?post=12521"}],"version-history":[{"count":3,"href":"https:\/\/urcemekanik.com\/index.php\/wp-json\/wp\/v2\/pages\/12521\/revisions"}],"predecessor-version":[{"id":12621,"href":"https:\/\/urcemekanik.com\/index.php\/wp-json\/wp\/v2\/pages\/12521\/revisions\/12621"}],"wp:attachment":[{"href":"https:\/\/urcemekanik.com\/index.php\/wp-json\/wp\/v2\/media?parent=12521"}],"curies":[{"name":"wp","href":"https:\/\/api.w.org\/{rel}","templated":true}]}}