{"id":12498,"date":"2026-03-23T18:27:03","date_gmt":"2026-03-23T18:27:03","guid":{"rendered":"https:\/\/urcemekanik.com\/?page_id=12498"},"modified":"2026-04-03T14:01:30","modified_gmt":"2026-04-03T14:01:30","slug":"12498-2","status":"publish","type":"page","link":"https:\/\/urcemekanik.com\/","title":{"rendered":""},"content":{"rendered":"\n<div class=\"wp-block-group is-content-justification-left is-layout-flex wp-container-core-group-is-layout-bc8e6f51 wp-block-group-is-layout-flex\">\n<div class=\"wp-block-group is-layout-constrained wp-block-group-is-layout-constrained\"><\/div>\n\n\n\n<div class=\"wp-block-cover alignwide is-light has-custom-content-position is-position-bottom-center\" style=\"border-radius:20px;padding-top:30px;padding-right:30px;padding-bottom:30px;padding-left:30px;min-height:670px;aspect-ratio:unset;\"><img loading=\"lazy\" decoding=\"async\" width=\"1024\" height=\"1536\" class=\"wp-block-cover__image-background wp-image-12698 size-full\" alt=\"\" src=\"https:\/\/urcemekanik.com\/wp-content\/uploads\/2026\/03\/yangindan-korunma-sistemleri.png\" data-object-fit=\"cover\" srcset=\"https:\/\/urcemekanik.com\/wp-content\/uploads\/2026\/03\/yangindan-korunma-sistemleri.png 1024w, https:\/\/urcemekanik.com\/wp-content\/uploads\/2026\/03\/yangindan-korunma-sistemleri-200x300.png 200w, https:\/\/urcemekanik.com\/wp-content\/uploads\/2026\/03\/yangindan-korunma-sistemleri-683x1024.png 683w, https:\/\/urcemekanik.com\/wp-content\/uploads\/2026\/03\/yangindan-korunma-sistemleri-768x1152.png 768w\" sizes=\"auto, (max-width: 1024px) 100vw, 1024px\" \/><span aria-hidden=\"true\" class=\"wp-block-cover__background has-background-dim-0 has-background-dim\"><\/span><div class=\"wp-block-cover__inner-container is-layout-flow wp-block-cover-is-layout-flow\">\n<div class=\"wp-block-group has-white-background-color has-background has-small-font-size is-layout-constrained wp-container-core-group-is-layout-edcd9cee wp-block-group-is-layout-constrained\" style=\"border-top-left-radius:0px;border-top-right-radius:0px;border-bottom-left-radius:0px;border-bottom-right-radius:0px;padding-top:30px;padding-right:30px;padding-bottom:30px;padding-left:30px\">\n<h2 class=\"wp-block-heading has-black-color has-text-color has-link-color has-medium-font-size wp-elements-6de1ff4b5b15cfba0f1114c6ae537923\" style=\"margin-top:0\">Yang\u0131ndan Korunma <br>Sistemleri<\/h2>\n\n\n\n<p class=\"has-text-color has-link-color wp-elements-964a8f282e8c0fa295d85d6a59581d99\" style=\"border-top-left-radius:0px;border-top-right-radius:0px;border-bottom-left-radius:0px;border-bottom-right-radius:0px;color:#0c1d40;margin-bottom:0px;font-size:0px\"><\/p>\n\n\n\n<p class=\"has-black-color has-text-color has-link-color has-small-font-size wp-elements-aa3890c2f8dc3f9086415426aa273855\" style=\"font-style:normal;font-weight:600\"><a href=\"https:\/\/urcemekanik.com\/index.php\/yangindan-korunma-sistemleri\/\" data-type=\"page\" data-id=\"12628\">Yang\u0131ndan Korunma Sistemleri<\/a> \u2192<\/p>\n<\/div>\n<\/div><\/div>\n\n\n\n<div class=\"wp-block-cover alignwide is-light has-custom-content-position is-position-bottom-center\" style=\"border-radius:20px;padding-top:30px;padding-right:30px;padding-bottom:30px;padding-left:30px;min-height:670px;aspect-ratio:unset;\"><img loading=\"lazy\" decoding=\"async\" width=\"1024\" height=\"1536\" class=\"wp-block-cover__image-background wp-image-12699 size-full\" alt=\"\" src=\"https:\/\/urcemekanik.com\/wp-content\/uploads\/2026\/03\/iklimlendirme.png\" data-object-fit=\"cover\" srcset=\"https:\/\/urcemekanik.com\/wp-content\/uploads\/2026\/03\/iklimlendirme.png 1024w, https:\/\/urcemekanik.com\/wp-content\/uploads\/2026\/03\/iklimlendirme-200x300.png 200w, https:\/\/urcemekanik.com\/wp-content\/uploads\/2026\/03\/iklimlendirme-683x1024.png 683w, https:\/\/urcemekanik.com\/wp-content\/uploads\/2026\/03\/iklimlendirme-768x1152.png 768w\" sizes=\"auto, (max-width: 1024px) 100vw, 1024px\" \/><span aria-hidden=\"true\" class=\"wp-block-cover__background has-background-dim-0 has-background-dim\"><\/span><div class=\"wp-block-cover__inner-container is-layout-flow wp-block-cover-is-layout-flow\">\n<div class=\"wp-block-group has-white-background-color has-background has-small-font-size is-layout-constrained wp-container-core-group-is-layout-edcd9cee wp-block-group-is-layout-constrained\" style=\"border-top-left-radius:0px;border-top-right-radius:0px;border-bottom-left-radius:0px;border-bottom-right-radius:0px;padding-top:30px;padding-right:30px;padding-bottom:30px;padding-left:30px\">\n<h2 class=\"wp-block-heading has-black-color has-text-color has-link-color has-medium-font-size wp-elements-8c76410a0723eb036617dea261997bef\" style=\"margin-top:0\">\u0130klimlendirme Sistemleri<\/h2>\n\n\n\n<p class=\"has-text-color has-link-color wp-elements-964a8f282e8c0fa295d85d6a59581d99\" style=\"border-top-left-radius:0px;border-top-right-radius:0px;border-bottom-left-radius:0px;border-bottom-right-radius:0px;color:#0c1d40;margin-bottom:0px;font-size:0px\"><\/p>\n\n\n\n<p class=\"has-black-color has-text-color has-link-color has-small-font-size wp-elements-9a2cce1ecd37552d0a67d9243f6e4f57\" style=\"font-style:normal;font-weight:600\"><a href=\"https:\/\/urcemekanik.com\/index.php\/iklimlendirme-sistemleri\/\" data-type=\"page\" data-id=\"12674\">\u0130klimlendirme Sistemleri<\/a> \u2192<\/p>\n<\/div>\n<\/div><\/div>\n\n\n\n<div class=\"wp-block-cover is-light has-custom-content-position is-position-bottom-center\" style=\"border-radius:20px;padding-top:30px;padding-right:30px;padding-bottom:30px;padding-left:30px;min-height:669px;aspect-ratio:unset;\"><img loading=\"lazy\" decoding=\"async\" width=\"1024\" height=\"1536\" class=\"wp-block-cover__image-background wp-image-12701 size-full\" alt=\"\" src=\"https:\/\/urcemekanik.com\/wp-content\/uploads\/2026\/03\/sifonik.png\" data-object-fit=\"cover\" srcset=\"https:\/\/urcemekanik.com\/wp-content\/uploads\/2026\/03\/sifonik.png 1024w, https:\/\/urcemekanik.com\/wp-content\/uploads\/2026\/03\/sifonik-200x300.png 200w, https:\/\/urcemekanik.com\/wp-content\/uploads\/2026\/03\/sifonik-683x1024.png 683w, https:\/\/urcemekanik.com\/wp-content\/uploads\/2026\/03\/sifonik-768x1152.png 768w\" sizes=\"auto, (max-width: 1024px) 100vw, 1024px\" \/><span aria-hidden=\"true\" class=\"wp-block-cover__background has-background-dim-0 has-background-dim\"><\/span><div class=\"wp-block-cover__inner-container is-layout-constrained wp-container-core-cover-is-layout-edcd9cee wp-block-cover-is-layout-constrained\">\n<div class=\"wp-block-group has-white-background-color has-background is-content-justification-left is-layout-constrained wp-container-core-group-is-layout-914e4ba1 wp-block-group-is-layout-constrained\" style=\"border-radius:10px;padding-top:30px;padding-right:30px;padding-bottom:30px;padding-left:30px\">\n<h2 class=\"wp-block-heading has-black-color has-text-color has-link-color has-medium-font-size wp-elements-310ae83059b48e6c1dcd5d716fff490b\" style=\"margin-top:0\">Sifonik Ya\u011fmur <br>Suyu Drenaj Sistemleri<\/h2>\n\n\n\n<p class=\"has-black-color has-text-color has-link-color has-small-font-size wp-elements-52efface0e366bacaa4455b28c802987\" style=\"font-style:normal;font-weight:500\"><a href=\"https:\/\/urcemekanik.com\/index.php\/sifonik-yagmur-suyu-drenaj-sistemleri\/\" data-type=\"page\" data-id=\"12644\">Sifonik Ya\u011fmur Suyu Drenaj Sistemleri<\/a> \u2192<\/p>\n<\/div>\n<\/div><\/div>\n<\/div>\n\n\n\n<div class=\"wp-block-group alignwide has-white-background-color has-background is-content-justification-center is-layout-flex wp-container-core-group-is-layout-39d4ace9 wp-block-group-is-layout-flex\" style=\"padding-top:1.5rem;padding-bottom:1.5rem\">\n<div class=\"wp-block-cover is-light has-custom-content-position is-position-bottom-center\" style=\"border-radius:20px;padding-top:30px;padding-right:30px;padding-bottom:30px;padding-left:30px;min-height:100vh;aspect-ratio:unset;\"><img loading=\"lazy\" decoding=\"async\" width=\"683\" height=\"1024\" class=\"wp-block-cover__image-background wp-image-12712 size-large\" alt=\"\" src=\"https:\/\/urcemekanik.com\/wp-content\/uploads\/2026\/04\/sihhi-683x1024.png\" data-object-fit=\"cover\" srcset=\"https:\/\/urcemekanik.com\/wp-content\/uploads\/2026\/04\/sihhi-683x1024.png 683w, https:\/\/urcemekanik.com\/wp-content\/uploads\/2026\/04\/sihhi-200x300.png 200w, https:\/\/urcemekanik.com\/wp-content\/uploads\/2026\/04\/sihhi-768x1152.png 768w, https:\/\/urcemekanik.com\/wp-content\/uploads\/2026\/04\/sihhi.png 1024w\" sizes=\"auto, (max-width: 683px) 100vw, 683px\" \/><span aria-hidden=\"true\" class=\"wp-block-cover__background has-background-dim-0 has-background-dim\"><\/span><div class=\"wp-block-cover__inner-container is-layout-constrained wp-container-core-cover-is-layout-edcd9cee wp-block-cover-is-layout-constrained\">\n<div class=\"wp-block-group has-white-background-color has-background is-layout-constrained wp-container-core-group-is-layout-edcd9cee wp-block-group-is-layout-constrained\" style=\"border-radius:10px;padding-top:30px;padding-right:30px;padding-bottom:30px;padding-left:30px\">\n<h2 class=\"wp-block-heading has-black-color has-text-color has-link-color has-medium-font-size wp-elements-0040d801cab6cd87ca1a59b5c44de3b5\" style=\"margin-top:0\">S\u0131hhi Tesisat Sistemleri<\/h2>\n\n\n\n<p class=\"has-black-color has-text-color has-link-color has-small-font-size wp-elements-59434300215663f898ba322712bbaecc\" style=\"font-style:normal;font-weight:500\"><a href=\"https:\/\/urcemekanik.com\/index.php\/sihhi-tesisat-sistemleri\/\" data-type=\"page\" data-id=\"12681\">S\u0131hhi Tesisat Sistemleri<\/a> \u2192<\/p>\n<\/div>\n<\/div><\/div>\n\n\n\n<div class=\"wp-block-cover is-light has-custom-content-position is-position-bottom-center\" style=\"border-radius:20px;padding-top:30px;padding-right:30px;padding-bottom:30px;padding-left:30px;min-height:100vh;aspect-ratio:unset;\"><img loading=\"lazy\" decoding=\"async\" width=\"683\" height=\"1024\" class=\"wp-block-cover__image-background wp-image-12713 size-large\" alt=\"\" src=\"https:\/\/urcemekanik.com\/wp-content\/uploads\/2026\/04\/prose-683x1024.png\" data-object-fit=\"cover\" srcset=\"https:\/\/urcemekanik.com\/wp-content\/uploads\/2026\/04\/prose-683x1024.png 683w, https:\/\/urcemekanik.com\/wp-content\/uploads\/2026\/04\/prose-200x300.png 200w, https:\/\/urcemekanik.com\/wp-content\/uploads\/2026\/04\/prose-768x1152.png 768w, https:\/\/urcemekanik.com\/wp-content\/uploads\/2026\/04\/prose.png 1024w\" sizes=\"auto, (max-width: 683px) 100vw, 683px\" \/><span aria-hidden=\"true\" class=\"wp-block-cover__background has-background-dim-0 has-background-dim\"><\/span><div class=\"wp-block-cover__inner-container is-layout-constrained wp-container-core-cover-is-layout-edcd9cee wp-block-cover-is-layout-constrained\">\n<div class=\"wp-block-group has-white-background-color has-background is-layout-constrained wp-container-core-group-is-layout-edcd9cee wp-block-group-is-layout-constrained\" style=\"border-radius:10px;padding-top:30px;padding-right:30px;padding-bottom:30px;padding-left:30px\">\n<h2 class=\"wp-block-heading has-black-color has-text-color has-link-color has-medium-font-size wp-elements-4e284a09440a6540d24729ee7cdc8d42\" style=\"margin-top:0\">Proses Tesisat Sistemleri<\/h2>\n\n\n\n<p class=\"has-black-color has-text-color has-link-color has-small-font-size wp-elements-2447a326490ce9ac68921d31356a56e2\" style=\"font-style:normal;font-weight:500\"><a href=\"https:\/\/urcemekanik.com\/index.php\/proses-tesisat-sistemleri\/\" data-type=\"page\" data-id=\"12655\">Proses Tesisat Sistemleri<\/a> \u2192<\/p>\n<\/div>\n<\/div><\/div>\n\n\n\n<div class=\"wp-block-cover is-light has-custom-content-position is-position-bottom-center\" style=\"border-radius:20px;padding-top:30px;padding-right:30px;padding-bottom:30px;padding-left:30px;min-height:100vh;aspect-ratio:unset;\"><img loading=\"lazy\" decoding=\"async\" width=\"683\" height=\"1024\" class=\"wp-block-cover__image-background wp-image-12714 size-large\" alt=\"\" src=\"https:\/\/urcemekanik.com\/wp-content\/uploads\/2026\/04\/proje-683x1024.png\" data-object-fit=\"cover\" srcset=\"https:\/\/urcemekanik.com\/wp-content\/uploads\/2026\/04\/proje-683x1024.png 683w, https:\/\/urcemekanik.com\/wp-content\/uploads\/2026\/04\/proje-200x300.png 200w, https:\/\/urcemekanik.com\/wp-content\/uploads\/2026\/04\/proje-768x1152.png 768w, https:\/\/urcemekanik.com\/wp-content\/uploads\/2026\/04\/proje.png 1024w\" sizes=\"auto, (max-width: 683px) 100vw, 683px\" \/><span aria-hidden=\"true\" class=\"wp-block-cover__background has-background-dim-0 has-background-dim\"><\/span><div class=\"wp-block-cover__inner-container is-layout-constrained wp-container-core-cover-is-layout-edcd9cee wp-block-cover-is-layout-constrained\">\n<div class=\"wp-block-group has-white-background-color has-background is-layout-constrained wp-container-core-group-is-layout-edcd9cee wp-block-group-is-layout-constrained\" style=\"border-radius:10px;padding-top:30px;padding-right:30px;padding-bottom:30px;padding-left:30px\">\n<h2 class=\"wp-block-heading has-black-color has-text-color has-link-color has-medium-font-size wp-elements-8657b8dee3124388e915085ef8bd9713\" style=\"margin-top:0\">Proje ve Dan\u0131\u015fmanl\u0131k <br>Hizmetleri<\/h2>\n\n\n\n<p class=\"has-black-color has-text-color has-link-color has-small-font-size wp-elements-29a756c46957d2bcee8e08da6fa226b7\" style=\"font-style:normal;font-weight:500\"><a href=\"https:\/\/urcemekanik.com\/index.php\/proje-ve-danismanlik-hizmetleri\/\" data-type=\"page\" data-id=\"12658\">Proje ve Dan\u0131\u015fmanl\u0131k Hizmetleri<\/a> \u2192<\/p>\n<\/div>\n<\/div><\/div>\n\n\n\n<div class=\"wp-block-columns is-layout-flex wp-container-core-columns-is-layout-643ced6b wp-block-columns-is-layout-flex\">\n<div class=\"wp-block-column is-layout-flow wp-block-column-is-layout-flow\"><\/div>\n\n\n\n<div class=\"wp-block-column is-layout-flow wp-block-column-is-layout-flow\"><\/div>\n\n\n\n<div class=\"wp-block-column is-layout-flow wp-block-column-is-layout-flow\"><\/div>\n<\/div>\n<\/div>\n\n\n\n<div class=\"wp-block-buttons is-content-justification-center is-layout-flex wp-container-core-buttons-is-layout-a89b3969 wp-block-buttons-is-layout-flex\">\n<div class=\"wp-block-button\"><a class=\"wp-block-button__link wp-element-button\" href=\"https:\/\/urcemekanik.com\/index.php\/teklif-formu-olustur\/\">TEKL\u0130F \u0130STE<\/a><\/div>\n<\/div>\n\n\n\n<p><\/p>\n","protected":false},"excerpt":{"rendered":"","protected":false},"author":1,"featured_media":0,"parent":0,"menu_order":0,"comment_status":"closed","ping_status":"closed","template":"","meta":{"footnotes":""},"class_list":["post-12498","page","type-page","status-publish","hentry"],"blocksy_meta":[],"_links":{"self":[{"href":"https:\/\/urcemekanik.com\/index.php\/wp-json\/wp\/v2\/pages\/12498","targetHints":{"allow":["GET"]}}],"collection":[{"href":"https:\/\/urcemekanik.com\/index.php\/wp-json\/wp\/v2\/pages"}],"about":[{"href":"https:\/\/urcemekanik.com\/index.php\/wp-json\/wp\/v2\/types\/page"}],"author":[{"embeddable":true,"href":"https:\/\/urcemekanik.com\/index.php\/wp-json\/wp\/v2\/users\/1"}],"replies":[{"embeddable":true,"href":"https:\/\/urcemekanik.com\/index.php\/wp-json\/wp\/v2\/comments?post=12498"}],"version-history":[{"count":45,"href":"https:\/\/urcemekanik.com\/index.php\/wp-json\/wp\/v2\/pages\/12498\/revisions"}],"predecessor-version":[{"id":12716,"href":"https:\/\/urcemekanik.com\/index.php\/wp-json\/wp\/v2\/pages\/12498\/revisions\/12716"}],"wp:attachment":[{"href":"https:\/\/urcemekanik.com\/index.php\/wp-json\/wp\/v2\/media?parent=12498"}],"curies":[{"name":"wp","href":"https:\/\/api.w.org\/{rel}","templated":true}]}}